{"id":78,"date":"2016-10-24T19:43:00","date_gmt":"2016-10-24T17:43:00","guid":{"rendered":"https:\/\/domcar.pl\/?page_id=78"},"modified":"2025-09-18T15:28:49","modified_gmt":"2025-09-18T13:28:49","slug":"o-nas","status":"publish","type":"page","link":"https:\/\/domcar.pl\/?page_id=78","title":{"rendered":"O nas"},"content":{"rendered":"<p>[et_pb_section fb_built=&#8221;1&#8243; fullwidth=&#8221;on&#8221; admin_label=&#8221;Sekcja&#8221; _builder_version=&#8221;4.16&#8243; global_colors_info=&#8221;{}&#8221;][et_pb_fullwidth_header title=&#8221;Dealer samochod\u00f3w marki Opel i Ford.&#8221; text_orientation=&#8221;center&#8221; header_fullscreen=&#8221;on&#8221; header_scroll_down=&#8221;on&#8221; button_one_text=&#8221;Poznaj nas!&#8221; button_one_url=&#8221;https:\/\/domcar.pl\/o-nas\/#o-nas&#8221; background_overlay_color=&#8221;rgba(0,0,0,0.58)&#8221; logo_image_url=&#8221;https:\/\/domcar.pl\/wp-content\/uploads\/2016\/10\/logo-domcar-white.png&#8221; logo_alt_text=&#8221;DOMCAR&#8221; logo_title=&#8221;DOMCAR&#8221; content_max_width=&#8221;none&#8221; admin_label=&#8221;Nag\u0142\u00f3wek pe\u0142nej szeroko\u015bci&#8221; _builder_version=&#8221;4.16&#8243; background_color=&#8221;rgba(255, 255, 255, 0)&#8221; background_image=&#8221;https:\/\/domcar.pl\/wp-content\/uploads\/2016\/10\/domcar-konin.jpg&#8221; parallax=&#8221;on&#8221; background_url=&#8221;https:\/\/domcar.pl\/wp-content\/uploads\/2016\/10\/domcar-konin.jpg&#8221; button_one_letter_spacing_hover=&#8221;0&#8243; button_two_letter_spacing_hover=&#8221;0&#8243; global_colors_info=&#8221;{}&#8221; button_one_text_size__hover_enabled=&#8221;off&#8221; button_two_text_size__hover_enabled=&#8221;off&#8221; button_one_text_color__hover_enabled=&#8221;off&#8221; button_two_text_color__hover_enabled=&#8221;off&#8221; button_one_border_width__hover_enabled=&#8221;off&#8221; button_two_border_width__hover_enabled=&#8221;off&#8221; button_one_border_color__hover_enabled=&#8221;off&#8221; button_two_border_color__hover_enabled=&#8221;off&#8221; button_one_border_radius__hover_enabled=&#8221;off&#8221; button_two_border_radius__hover_enabled=&#8221;off&#8221; button_one_letter_spacing__hover_enabled=&#8221;on&#8221; button_one_letter_spacing__hover=&#8221;0&#8243; button_two_letter_spacing__hover_enabled=&#8221;on&#8221; button_two_letter_spacing__hover=&#8221;0&#8243; button_one_bg_color__hover_enabled=&#8221;off&#8221; button_two_bg_color__hover_enabled=&#8221;off&#8221;] [\/et_pb_fullwidth_header][\/et_pb_section][et_pb_section fb_built=&#8221;1&#8243; custom_padding_last_edited=&#8221;on|desktop&#8221; admin_label=&#8221;section&#8221; module_id=&#8221;o-nas&#8221; _builder_version=&#8221;4.16&#8243; background_color=&#8221;#ffffff&#8221; custom_padding_tablet=&#8221;50px|0|50px|0&#8243; transparent_background=&#8221;off&#8221; padding_mobile=&#8221;off&#8221; make_fullwidth=&#8221;off&#8221; use_custom_width=&#8221;off&#8221; width_unit=&#8221;on&#8221; global_colors_info=&#8221;{}&#8221; custom_padding_phone=&#8221;50px|0|50px|0&#8243;][et_pb_row admin_label=&#8221;row&#8221; _builder_version=&#8221;4.16&#8243; background_size=&#8221;initial&#8221; background_position=&#8221;top_left&#8221; background_repeat=&#8221;repeat&#8221; global_colors_info=&#8221;{}&#8221;][et_pb_column type=&#8221;4_4&#8243; _builder_version=&#8221;4.16&#8243; custom_padding=&#8221;|||&#8221; global_colors_info=&#8221;{}&#8221; custom_padding__hover=&#8221;|||&#8221;][et_pb_text admin_label=&#8221;Tekst&#8221; _builder_version=&#8221;4.16&#8243; background_size=&#8221;initial&#8221; background_position=&#8221;top_left&#8221; background_repeat=&#8221;repeat&#8221; use_border_color=&#8221;off&#8221; border_color=&#8221;#ffffff&#8221; border_style=&#8221;solid&#8221; global_colors_info=&#8221;{}&#8221;]<\/p>\n<h2>POZNAJ <strong>DOMCAR<\/strong><\/h2>\n<p>[\/et_pb_text][et_pb_divider color=&#8221;#e5e5e5&#8243; disabled_on=&#8221;on|on|off&#8221; admin_label=&#8221;SEPARATOR&#8221; _builder_version=&#8221;4.16&#8243; height=&#8221;10px&#8221; hide_on_mobile=&#8221;on&#8221; global_colors_info=&#8221;{}&#8221;] [\/et_pb_divider][\/et_pb_column][\/et_pb_row][et_pb_row admin_label=&#8221;row&#8221; _builder_version=&#8221;4.16&#8243; background_size=&#8221;initial&#8221; background_position=&#8221;top_left&#8221; background_repeat=&#8221;repeat&#8221; global_colors_info=&#8221;{}&#8221;][et_pb_column type=&#8221;4_4&#8243; _builder_version=&#8221;4.16&#8243; custom_padding=&#8221;|||&#8221; global_colors_info=&#8221;{}&#8221; custom_padding__hover=&#8221;|||&#8221;][et_pb_text admin_label=&#8221;Tekst&#8221; _builder_version=&#8221;4.16&#8243; background_size=&#8221;initial&#8221; background_position=&#8221;top_left&#8221; background_repeat=&#8221;repeat&#8221; use_border_color=&#8221;off&#8221; border_color=&#8221;#ffffff&#8221; border_style=&#8221;solid&#8221; global_colors_info=&#8221;{}&#8221;]<\/p>\n<p style=\"text-align: justify;\"><strong>Nasza firma rozpocz\u0119\u0142a swoj\u0105 dzia\u0142alno\u015b\u0107 w 1998 roku. Mie\u015bci si\u0119 tutaj salon sprzeda\u017cy, serwis, oraz magazyn.<\/strong><\/p>\n<p>[\/et_pb_text][\/et_pb_column][\/et_pb_row][et_pb_row admin_label=&#8221;Wiersz&#8221; _builder_version=&#8221;4.16&#8243; background_size=&#8221;initial&#8221; background_position=&#8221;top_left&#8221; background_repeat=&#8221;repeat&#8221; global_colors_info=&#8221;{}&#8221; column_structure=&#8221;1_3,1_3,1_3&#8243;][et_pb_column type=&#8221;1_3&#8243; _builder_version=&#8221;4.16&#8243; custom_padding=&#8221;|||&#8221; global_colors_info=&#8221;{}&#8221; custom_padding__hover=&#8221;|||&#8221;][et_pb_text admin_label=&#8221;Tekst&#8221; _builder_version=&#8221;4.17.4&#8243; background_size=&#8221;initial&#8221; background_position=&#8221;top_left&#8221; background_repeat=&#8221;repeat&#8221; hover_enabled=&#8221;0&#8243; use_border_color=&#8221;off&#8221; border_color=&#8221;#ffffff&#8221; border_style=&#8221;solid&#8221; global_colors_info=&#8221;{}&#8221; sticky_enabled=&#8221;0&#8243;]<\/p>\n<p style=\"text-align: justify;\"><span>Przedmiotem dzia\u0142alno\u015bci Firmy jest dzia\u0142alno\u015b\u0107 handlowa i us\u0142ugowa. Produktami oferowanymi klientom s\u0105 nowe samochody i cz\u0119\u015bci zamienne marki Opel, Peugeot, Citroen, Ford oraz us\u0142ugi serwisowe w ramach autoryzowanych napraw gwarancyjnych i pogwarancyjnych. Dodatkowo Firma proponuje klientom samochody u\u017cywane r\u00f3\u017cnych marek pozyskiwane w ramach rozlicze\u0144 z nabywcami nowych samochod\u00f3w. Integraln\u0105 cz\u0119\u015bci\u0105 sprzeda\u017cy samochod\u00f3w nowych i u\u017cywanych s\u0105 us\u0142ugi ubezpieczeniowe oraz \u015bci\u015ble z nimi zwi\u0105zane us\u0142ugi polegaj\u0105ce na monta\u017cu zabezpiecze\u0144 pojazd\u00f3w.<\/span><\/p>\n<p>[\/et_pb_text][\/et_pb_column][et_pb_column type=&#8221;1_3&#8243; _builder_version=&#8221;4.16&#8243; custom_padding=&#8221;|||&#8221; global_colors_info=&#8221;{}&#8221; custom_padding__hover=&#8221;|||&#8221;][et_pb_text admin_label=&#8221;Tekst&#8221; _builder_version=&#8221;4.17.4&#8243; background_size=&#8221;initial&#8221; background_position=&#8221;top_left&#8221; background_repeat=&#8221;repeat&#8221; hover_enabled=&#8221;0&#8243; use_border_color=&#8221;off&#8221; border_color=&#8221;#ffffff&#8221; border_style=&#8221;solid&#8221; global_colors_info=&#8221;{}&#8221; sticky_enabled=&#8221;0&#8243;]<\/p>\n<p style=\"text-align: justify;\"><span>Dostawc\u0105 samochod\u00f3w i cz\u0119\u015bci samochodowych marki Opel, Peugeot, Citroen jest firma Stellantis Polska Sp\u00f3\u0142ka z o. o. z siedzib\u0105 w Warszawie. Obr\u00f3t towarami z tym partnerem precyzuje umowa dealerska. Dodatkowo Firma zaopatruje si\u0119 w akcesoria samochodowe, kosmetyki i dodatki u innych dostawc\u00f3w, a \u017ar\u00f3d\u0142em pozyskiwania samochod\u00f3w u\u017cywanych s\u0105 osoby fizyczne i firmy.<\/span><\/p>\n<p>[\/et_pb_text][et_pb_text admin_label=&#8221;Tekst&#8221; _builder_version=&#8221;4.17.4&#8243; background_size=&#8221;initial&#8221; background_position=&#8221;top_left&#8221; background_repeat=&#8221;repeat&#8221; hover_enabled=&#8221;0&#8243; use_border_color=&#8221;off&#8221; border_color=&#8221;#ffffff&#8221; border_style=&#8221;solid&#8221; global_colors_info=&#8221;{}&#8221; sticky_enabled=&#8221;0&#8243;]<\/p>\n<p style=\"text-align: justify;\"><b><span>Zapraszamy serdecznie do naszych salon\u00f3w i serwis\u00f3w w Koninie przy ulicy Sp\u00f3\u0142dzielc\u00f3w.<\/span><\/b><\/p>\n<p>[\/et_pb_text][\/et_pb_column][et_pb_column type=&#8221;1_3&#8243; _builder_version=&#8221;4.16&#8243; custom_padding=&#8221;|||&#8221; global_colors_info=&#8221;{}&#8221; custom_padding__hover=&#8221;|||&#8221;][et_pb_image src=&#8221;https:\/\/domcar.pl\/wp-content\/uploads\/2016\/10\/logo-domcar.png&#8221; align=&#8221;center&#8221; align_tablet=&#8221;center&#8221; align_last_edited=&#8221;on|desktop&#8221; admin_label=&#8221;Obraz&#8221; _builder_version=&#8221;4.16&#8243; use_border_color=&#8221;off&#8221; border_color=&#8221;#ffffff&#8221; border_style=&#8221;solid&#8221; animation=&#8221;off&#8221; sticky=&#8221;off&#8221; always_center_on_mobile=&#8221;on&#8221; global_colors_info=&#8221;{}&#8221; align_phone=&#8221;center&#8221;] [\/et_pb_image][\/et_pb_column][\/et_pb_row][\/et_pb_section]<\/p>\n","protected":false},"excerpt":{"rendered":"<p>POZNAJ DOMCAR Nasza firma rozpocz\u0119\u0142a swoj\u0105 dzia\u0142alno\u015b\u0107 w 1998 roku. Mie\u015bci si\u0119 tutaj salon sprzeda\u017cy, serwis, oraz magazyn. Przedmiotem dzia\u0142alno\u015bci Firmy jest dzia\u0142alno\u015b\u0107 handlowa i us\u0142ugowa. Produktami oferowanymi klientom s\u0105 nowe samochody i cz\u0119\u015bci zamienne marki Opel, Peugeot, Citroen, Ford oraz us\u0142ugi serwisowe w ramach autoryzowanych napraw gwarancyjnych i pogwarancyjnych. Dodatkowo Firma proponuje klientom samochody [&hellip;]<\/p>\n","protected":false},"author":6,"featured_media":0,"parent":0,"menu_order":0,"comment_status":"closed","ping_status":"closed","template":"","meta":{"_et_pb_use_builder":"on","_et_pb_old_content":"","_et_gb_content_width":""},"_links":{"self":[{"href":"https:\/\/domcar.pl\/index.php?rest_route=\/wp\/v2\/pages\/78"}],"collection":[{"href":"https:\/\/domcar.pl\/index.php?rest_route=\/wp\/v2\/pages"}],"about":[{"href":"https:\/\/domcar.pl\/index.php?rest_route=\/wp\/v2\/types\/page"}],"author":[{"embeddable":true,"href":"https:\/\/domcar.pl\/index.php?rest_route=\/wp\/v2\/users\/6"}],"replies":[{"embeddable":true,"href":"https:\/\/domcar.pl\/index.php?rest_route=%2Fwp%2Fv2%2Fcomments&post=78"}],"version-history":[{"count":26,"href":"https:\/\/domcar.pl\/index.php?rest_route=\/wp\/v2\/pages\/78\/revisions"}],"predecessor-version":[{"id":5068,"href":"https:\/\/domcar.pl\/index.php?rest_route=\/wp\/v2\/pages\/78\/revisions\/5068"}],"wp:attachment":[{"href":"https:\/\/domcar.pl\/index.php?rest_route=%2Fwp%2Fv2%2Fmedia&parent=78"}],"curies":[{"name":"wp","href":"https:\/\/api.w.org\/{rel}","templated":true}]}}